{"id":7506,"date":"2023-06-02T14:10:08","date_gmt":"2023-06-02T12:10:08","guid":{"rendered":"https:\/\/impozant.sk\/kiosk-lobby\/tipy-na-vylety\/"},"modified":"2023-10-30T15:41:38","modified_gmt":"2023-10-30T14:41:38","slug":"wskazowki-podroznicze","status":"publish","type":"page","link":"https:\/\/lift.impozant.sk\/pl\/kiosk-lobby\/wskazowki-podroznicze\/","title":{"rendered":"Wskaz\u00f3wki podr\u00f3\u017cnicze"},"content":{"rendered":"<p style=\"text-align: center;\">Mo\u017cemy \u015bmia\u0142o powiedzie\u0107, \u017ce w Kotlinie Turcza\u0144skiej mo\u017cna znale\u017a\u0107 wszystko. Jest otoczona Ma\u0142\u0105 i Wielk\u0105 Fatr\u0105 i jest idealnym miejscem na piesze wycieczki dla wszystkich grup wiekowych. Ogromne naturalne pi\u0119kno i wyj\u0105tkowe mo\u017cliwo\u015bci aktywnego sp\u0119dzania czasu i rekreacji s\u0105 skoncentrowane na stosunkowo niewielkim i zwartym obszarze. Bogata historia regionu znajduje odzwierciedlenie w wielu muzeach i miejscach z ciekawymi historiami. Sprawd\u017a, co Ci\u0119 interesuje i czego chcesz z nami do\u015bwiadczy\u0107&#8230;<\/p>\n","protected":false},"excerpt":{"rendered":"<p>Mo\u017cemy \u015bmia\u0142o powiedzie\u0107, \u017ce w Kotlinie Turcza\u0144skiej mo\u017cna znale\u017a\u0107 wszystko. Jest otoczona Ma\u0142\u0105 i Wielk\u0105 Fatr\u0105 i jest idealnym miejscem na piesze wycieczki dla wszystkich grup wiekowych. Ogromne naturalne pi\u0119kno i wyj\u0105tkowe mo\u017cliwo\u015bci aktywnego sp\u0119dzania czasu i rekreacji s\u0105 skoncentrowane na stosunkowo niewielkim i zwartym obszarze. Bogata historia regionu znajduje odzwierciedlenie w wielu muzeach i [&hellip;]<\/p>\n","protected":false},"author":1,"featured_media":0,"parent":7500,"menu_order":0,"comment_status":"closed","ping_status":"closed","template":"template\/tpl-trips.php","meta":{"_acf_changed":false,"inline_featured_image":false,"footnotes":""},"class_list":["post-7506","page","type-page","status-publish","hentry"],"acf":[],"_links":{"self":[{"href":"https:\/\/lift.impozant.sk\/pl\/wp-json\/wp\/v2\/pages\/7506","targetHints":{"allow":["GET"]}}],"collection":[{"href":"https:\/\/lift.impozant.sk\/pl\/wp-json\/wp\/v2\/pages"}],"about":[{"href":"https:\/\/lift.impozant.sk\/pl\/wp-json\/wp\/v2\/types\/page"}],"author":[{"embeddable":true,"href":"https:\/\/lift.impozant.sk\/pl\/wp-json\/wp\/v2\/users\/1"}],"replies":[{"embeddable":true,"href":"https:\/\/lift.impozant.sk\/pl\/wp-json\/wp\/v2\/comments?post=7506"}],"version-history":[{"count":4,"href":"https:\/\/lift.impozant.sk\/pl\/wp-json\/wp\/v2\/pages\/7506\/revisions"}],"predecessor-version":[{"id":7818,"href":"https:\/\/lift.impozant.sk\/pl\/wp-json\/wp\/v2\/pages\/7506\/revisions\/7818"}],"up":[{"embeddable":true,"href":"https:\/\/lift.impozant.sk\/pl\/wp-json\/wp\/v2\/pages\/7500"}],"wp:attachment":[{"href":"https:\/\/lift.impozant.sk\/pl\/wp-json\/wp\/v2\/media?parent=7506"}],"curies":[{"name":"wp","href":"https:\/\/api.w.org\/{rel}","templated":true}]}}